{"id":327,"date":"2022-10-18T00:14:10","date_gmt":"2022-10-18T00:14:10","guid":{"rendered":"https:\/\/nancymeraz.com\/?page_id=327"},"modified":"2022-10-18T00:30:22","modified_gmt":"2022-10-18T00:30:22","slug":"terapia-psicomotriz-en-la-primera-infancia-individual-o-grupal","status":"publish","type":"page","link":"https:\/\/nancymeraz.com\/ca\/terapia-psicomotriz-en-la-primera-infancia-individual-o-grupal\/","title":{"rendered":"Atenci\u00f3 a la primera inf\u00e0ncia (Ter\u00e0pia psicomotriu Individual o grupal)"},"content":{"rendered":"","protected":false},"excerpt":{"rendered":"<p>Ansiedad, nerviosismo y\/o movimiento excesivo. Poca tolerancia a la frustraci\u00f3n. Agresividad e impulsividad. Poca habilidad motriz o hipoton\u00eda. Dificultades de alimentaci\u00f3n e higiene del sue\u00f1o<\/p>","protected":false},"author":1,"featured_media":292,"parent":0,"menu_order":0,"comment_status":"closed","ping_status":"closed","template":"","meta":{"_mi_skip_tracking":false,"footnotes":""},"class_list":["post-327","page","type-page","status-publish","has-post-thumbnail","hentry"],"aioseo_notices":[],"_links":{"self":[{"href":"https:\/\/nancymeraz.com\/ca\/wp-json\/wp\/v2\/pages\/327","targetHints":{"allow":["GET"]}}],"collection":[{"href":"https:\/\/nancymeraz.com\/ca\/wp-json\/wp\/v2\/pages"}],"about":[{"href":"https:\/\/nancymeraz.com\/ca\/wp-json\/wp\/v2\/types\/page"}],"author":[{"embeddable":true,"href":"https:\/\/nancymeraz.com\/ca\/wp-json\/wp\/v2\/users\/1"}],"replies":[{"embeddable":true,"href":"https:\/\/nancymeraz.com\/ca\/wp-json\/wp\/v2\/comments?post=327"}],"version-history":[{"count":0,"href":"https:\/\/nancymeraz.com\/ca\/wp-json\/wp\/v2\/pages\/327\/revisions"}],"wp:featuredmedia":[{"embeddable":true,"href":"https:\/\/nancymeraz.com\/ca\/wp-json\/wp\/v2\/media\/292"}],"wp:attachment":[{"href":"https:\/\/nancymeraz.com\/ca\/wp-json\/wp\/v2\/media?parent=327"}],"curies":[{"name":"wp","href":"https:\/\/api.w.org\/{rel}","templated":true}]}}